{"id":6,"date":"2026-04-25T23:59:37","date_gmt":"2026-04-25T23:59:37","guid":{"rendered":"https:\/\/newwiki.cinelinux.com\/?page_id=6"},"modified":"2026-04-25T23:59:37","modified_gmt":"2026-04-25T23:59:37","slug":"bem-vindo-ao-cine-linux-wiki","status":"publish","type":"page","link":"https:\/\/newwiki.cinelinux.com\/","title":{"rendered":"Bem-vindo ao Cine Linux Wiki"},"content":{"rendered":"\n<p id=\"\ud83c\udfac_Bem-vindo_ao_Cine_Linux_Wiki\"><strong>O ponto de conhecimento da produ\u00e7\u00e3o audiovisual e cinematogr\u00e1fica no Linux.<\/strong><\/p>\n\n\n\n<p>O <strong>Cine Linux<\/strong> nasceu para mostrar que sim, \u00e9 poss\u00edvel produzir cinema e audiovisual com qualidade profissional utilizando <strong>Linux<\/strong>. Nesta Wiki,queremos reunir, organizar e compartilhar conhecimento t\u00e9cnico, criativo e pr\u00e1tico com a comunidade que escolheu a liberdade como plataforma de cria\u00e7\u00e3o.<\/p>\n","protected":false},"excerpt":{"rendered":"<p>O ponto de conhecimento da produ\u00e7\u00e3o audiovisual e cinematogr\u00e1fica no Linux. O Cine Linux nasceu para mostrar que sim, \u00e9 poss\u00edvel produzir cinema e audiovisual com qualidade profissional utilizando Linux. Nesta Wiki,queremos reunir, organizar e compartilhar conhecimento t\u00e9cnico, criativo e pr\u00e1tico com a comunidade que escolheu a liberdade como plataforma de cria\u00e7\u00e3o.<\/p>\n","protected":false},"author":1,"featured_media":0,"parent":0,"menu_order":0,"comment_status":"closed","ping_status":"closed","template":"","meta":{"footnotes":""},"class_list":["post-6","page","type-page","status-publish","hentry"],"_links":{"self":[{"href":"https:\/\/newwiki.cinelinux.com\/wp-json\/wp\/v2\/pages\/6","targetHints":{"allow":["GET"]}}],"collection":[{"href":"https:\/\/newwiki.cinelinux.com\/wp-json\/wp\/v2\/pages"}],"about":[{"href":"https:\/\/newwiki.cinelinux.com\/wp-json\/wp\/v2\/types\/page"}],"author":[{"embeddable":true,"href":"https:\/\/newwiki.cinelinux.com\/wp-json\/wp\/v2\/users\/1"}],"replies":[{"embeddable":true,"href":"https:\/\/newwiki.cinelinux.com\/wp-json\/wp\/v2\/comments?post=6"}],"version-history":[{"count":1,"href":"https:\/\/newwiki.cinelinux.com\/wp-json\/wp\/v2\/pages\/6\/revisions"}],"predecessor-version":[{"id":7,"href":"https:\/\/newwiki.cinelinux.com\/wp-json\/wp\/v2\/pages\/6\/revisions\/7"}],"wp:attachment":[{"href":"https:\/\/newwiki.cinelinux.com\/wp-json\/wp\/v2\/media?parent=6"}],"curies":[{"name":"wp","href":"https:\/\/api.w.org\/{rel}","templated":true}]}}